{"id":5261,"date":"2026-04-28T08:53:30","date_gmt":"2026-04-28T08:53:30","guid":{"rendered":"https:\/\/x4hpc.cat\/our-services\/"},"modified":"2026-04-29T07:29:47","modified_gmt":"2026-04-29T07:29:47","slug":"nuestros-servicios","status":"publish","type":"page","link":"https:\/\/www.x4hpc.cat\/es\/nuestros-servicios\/","title":{"rendered":"Nuestros servicios"},"content":{"rendered":"<p>X4HPC identifica investigaciones con alto potencial y las gu\u00eda a trav\u00e9s de un <strong>proceso de valorizaci\u00f3n flexible<\/strong>. Mediante la colaboraci\u00f3n con grupos de investigaci\u00f3n para evaluar su nivel de madurez, ofrecen servicios personalizados que transforman los resultados iniciales en <strong>soluciones protegidas y listas para el mercado<\/strong>.<\/p>\n","protected":false},"excerpt":{"rendered":"<p>X4HPC identifica investigaciones con alto potencial y las gu\u00eda a trav\u00e9s de un proceso de valorizaci\u00f3n flexible. Mediante la colaboraci\u00f3n con grupos de investigaci\u00f3n para evaluar su nivel de madurez, ofrecen servicios personalizados que transforman los resultados iniciales en soluciones protegidas y listas para el mercado.<\/p>\n","protected":false},"author":1,"featured_media":0,"parent":0,"menu_order":0,"comment_status":"closed","ping_status":"closed","template":"page-services.php","meta":{"_acf_changed":false,"footnotes":""},"class_list":["post-5261","page","type-page","status-publish","hentry"],"acf":[],"yoast_head":"<!-- This site is optimized with the Yoast SEO plugin v25.6 - https:\/\/yoast.com\/wordpress\/plugins\/seo\/ -->\n<title>Nuestros servicios - X4HPC<\/title>\n<meta name=\"robots\" content=\"index, follow, max-snippet:-1, max-image-preview:large, max-video-preview:-1\" \/>\n<link rel=\"canonical\" href=\"https:\/\/www.x4hpc.cat\/es\/nuestros-servicios\/\" \/>\n<meta property=\"og:locale\" content=\"es_ES\" \/>\n<meta property=\"og:type\" content=\"article\" \/>\n<meta property=\"og:title\" content=\"Nuestros servicios - X4HPC\" \/>\n<meta property=\"og:description\" content=\"X4HPC identifica investigaciones con alto potencial y las gu\u00eda a trav\u00e9s de un proceso de valorizaci\u00f3n flexible. Mediante la colaboraci\u00f3n con grupos de investigaci\u00f3n para evaluar su nivel de madurez, ofrecen servicios personalizados que transforman los resultados iniciales en soluciones protegidas y listas para el mercado.\" \/>\n<meta property=\"og:url\" content=\"https:\/\/www.x4hpc.cat\/es\/nuestros-servicios\/\" \/>\n<meta property=\"og:site_name\" content=\"X4HPC\" \/>\n<meta property=\"article:modified_time\" content=\"2026-04-29T07:29:47+00:00\" \/>\n<meta name=\"twitter:card\" content=\"summary_large_image\" \/>\n<meta name=\"twitter:site\" content=\"@x4hpc\" \/>\n<meta name=\"twitter:label1\" content=\"Tiempo de lectura\" \/>\n\t<meta name=\"twitter:data1\" content=\"1 minuto\" \/>\n<script type=\"application\/ld+json\" class=\"yoast-schema-graph\">{\"@context\":\"https:\/\/schema.org\",\"@graph\":[{\"@type\":\"WebPage\",\"@id\":\"https:\/\/www.x4hpc.cat\/es\/nuestros-servicios\/\",\"url\":\"https:\/\/www.x4hpc.cat\/es\/nuestros-servicios\/\",\"name\":\"Nuestros servicios - X4HPC\",\"isPartOf\":{\"@id\":\"https:\/\/www.x4hpc.cat\/es\/#website\"},\"datePublished\":\"2026-04-28T08:53:30+00:00\",\"dateModified\":\"2026-04-29T07:29:47+00:00\",\"breadcrumb\":{\"@id\":\"https:\/\/www.x4hpc.cat\/es\/nuestros-servicios\/#breadcrumb\"},\"inLanguage\":\"es\",\"potentialAction\":[{\"@type\":\"ReadAction\",\"target\":[\"https:\/\/www.x4hpc.cat\/es\/nuestros-servicios\/\"]}]},{\"@type\":\"BreadcrumbList\",\"@id\":\"https:\/\/www.x4hpc.cat\/es\/nuestros-servicios\/#breadcrumb\",\"itemListElement\":[{\"@type\":\"ListItem\",\"position\":1,\"name\":\"Portada\",\"item\":\"https:\/\/www.x4hpc.cat\/es\/\"},{\"@type\":\"ListItem\",\"position\":2,\"name\":\"Nuestros servicios\"}]},{\"@type\":\"WebSite\",\"@id\":\"https:\/\/www.x4hpc.cat\/es\/#website\",\"url\":\"https:\/\/www.x4hpc.cat\/es\/\",\"name\":\"X4HPC\",\"description\":\"Xarxa d&#039;R+D+I per la Supercomputaci\u00f3\",\"publisher\":{\"@id\":\"https:\/\/www.x4hpc.cat\/es\/#organization\"},\"potentialAction\":[{\"@type\":\"SearchAction\",\"target\":{\"@type\":\"EntryPoint\",\"urlTemplate\":\"https:\/\/www.x4hpc.cat\/es\/?s={search_term_string}\"},\"query-input\":{\"@type\":\"PropertyValueSpecification\",\"valueRequired\":true,\"valueName\":\"search_term_string\"}}],\"inLanguage\":\"es\"},{\"@type\":\"Organization\",\"@id\":\"https:\/\/www.x4hpc.cat\/es\/#organization\",\"name\":\"X4HPC\",\"url\":\"https:\/\/www.x4hpc.cat\/es\/\",\"logo\":{\"@type\":\"ImageObject\",\"inLanguage\":\"es\",\"@id\":\"https:\/\/www.x4hpc.cat\/es\/#\/schema\/logo\/image\/\",\"url\":\"https:\/\/hundreds-wordpress-uploads.s3.amazonaws.com\/x4\/uploads\/2023\/05\/X4HPC_logo.png\",\"contentUrl\":\"https:\/\/hundreds-wordpress-uploads.s3.amazonaws.com\/x4\/uploads\/2023\/05\/X4HPC_logo.png\",\"width\":271,\"height\":79,\"caption\":\"X4HPC\"},\"image\":{\"@id\":\"https:\/\/www.x4hpc.cat\/es\/#\/schema\/logo\/image\/\"},\"sameAs\":[\"https:\/\/x.com\/x4hpc\",\"https:\/\/www.linkedin.com\/company\/x4hpc\/\"]}]}<\/script>\n<!-- \/ Yoast SEO plugin. -->","yoast_head_json":{"title":"Nuestros servicios - X4HPC","robots":{"index":"index","follow":"follow","max-snippet":"max-snippet:-1","max-image-preview":"max-image-preview:large","max-video-preview":"max-video-preview:-1"},"canonical":"https:\/\/www.x4hpc.cat\/es\/nuestros-servicios\/","og_locale":"es_ES","og_type":"article","og_title":"Nuestros servicios - X4HPC","og_description":"X4HPC identifica investigaciones con alto potencial y las gu\u00eda a trav\u00e9s de un proceso de valorizaci\u00f3n flexible. Mediante la colaboraci\u00f3n con grupos de investigaci\u00f3n para evaluar su nivel de madurez, ofrecen servicios personalizados que transforman los resultados iniciales en soluciones protegidas y listas para el mercado.","og_url":"https:\/\/www.x4hpc.cat\/es\/nuestros-servicios\/","og_site_name":"X4HPC","article_modified_time":"2026-04-29T07:29:47+00:00","twitter_card":"summary_large_image","twitter_site":"@x4hpc","twitter_misc":{"Tiempo de lectura":"1 minuto"},"schema":{"@context":"https:\/\/schema.org","@graph":[{"@type":"WebPage","@id":"https:\/\/www.x4hpc.cat\/es\/nuestros-servicios\/","url":"https:\/\/www.x4hpc.cat\/es\/nuestros-servicios\/","name":"Nuestros servicios - X4HPC","isPartOf":{"@id":"https:\/\/www.x4hpc.cat\/es\/#website"},"datePublished":"2026-04-28T08:53:30+00:00","dateModified":"2026-04-29T07:29:47+00:00","breadcrumb":{"@id":"https:\/\/www.x4hpc.cat\/es\/nuestros-servicios\/#breadcrumb"},"inLanguage":"es","potentialAction":[{"@type":"ReadAction","target":["https:\/\/www.x4hpc.cat\/es\/nuestros-servicios\/"]}]},{"@type":"BreadcrumbList","@id":"https:\/\/www.x4hpc.cat\/es\/nuestros-servicios\/#breadcrumb","itemListElement":[{"@type":"ListItem","position":1,"name":"Portada","item":"https:\/\/www.x4hpc.cat\/es\/"},{"@type":"ListItem","position":2,"name":"Nuestros servicios"}]},{"@type":"WebSite","@id":"https:\/\/www.x4hpc.cat\/es\/#website","url":"https:\/\/www.x4hpc.cat\/es\/","name":"X4HPC","description":"Xarxa d&#039;R+D+I per la Supercomputaci\u00f3","publisher":{"@id":"https:\/\/www.x4hpc.cat\/es\/#organization"},"potentialAction":[{"@type":"SearchAction","target":{"@type":"EntryPoint","urlTemplate":"https:\/\/www.x4hpc.cat\/es\/?s={search_term_string}"},"query-input":{"@type":"PropertyValueSpecification","valueRequired":true,"valueName":"search_term_string"}}],"inLanguage":"es"},{"@type":"Organization","@id":"https:\/\/www.x4hpc.cat\/es\/#organization","name":"X4HPC","url":"https:\/\/www.x4hpc.cat\/es\/","logo":{"@type":"ImageObject","inLanguage":"es","@id":"https:\/\/www.x4hpc.cat\/es\/#\/schema\/logo\/image\/","url":"https:\/\/hundreds-wordpress-uploads.s3.amazonaws.com\/x4\/uploads\/2023\/05\/X4HPC_logo.png","contentUrl":"https:\/\/hundreds-wordpress-uploads.s3.amazonaws.com\/x4\/uploads\/2023\/05\/X4HPC_logo.png","width":271,"height":79,"caption":"X4HPC"},"image":{"@id":"https:\/\/www.x4hpc.cat\/es\/#\/schema\/logo\/image\/"},"sameAs":["https:\/\/x.com\/x4hpc","https:\/\/www.linkedin.com\/company\/x4hpc\/"]}]}},"_links":{"self":[{"href":"https:\/\/www.x4hpc.cat\/es\/wp-json\/wp\/v2\/pages\/5261","targetHints":{"allow":["GET"]}}],"collection":[{"href":"https:\/\/www.x4hpc.cat\/es\/wp-json\/wp\/v2\/pages"}],"about":[{"href":"https:\/\/www.x4hpc.cat\/es\/wp-json\/wp\/v2\/types\/page"}],"author":[{"embeddable":true,"href":"https:\/\/www.x4hpc.cat\/es\/wp-json\/wp\/v2\/users\/1"}],"replies":[{"embeddable":true,"href":"https:\/\/www.x4hpc.cat\/es\/wp-json\/wp\/v2\/comments?post=5261"}],"version-history":[{"count":0,"href":"https:\/\/www.x4hpc.cat\/es\/wp-json\/wp\/v2\/pages\/5261\/revisions"}],"wp:attachment":[{"href":"https:\/\/www.x4hpc.cat\/es\/wp-json\/wp\/v2\/media?parent=5261"}],"curies":[{"name":"wp","href":"https:\/\/api.w.org\/{rel}","templated":true}]}}